{"id":1485,"date":"2016-06-27T18:47:46","date_gmt":"2016-06-27T16:47:46","guid":{"rendered":"http:\/\/dorottyadome.com\/?page_id=1485"},"modified":"2017-01-07T14:35:23","modified_gmt":"2017-01-07T12:35:23","slug":"about","status":"publish","type":"page","link":"https:\/\/dorottyadome.com\/fr\/about\/","title":{"rendered":"About"},"content":{"rendered":"<h4>Bas\u00e9 en Luxembourg, Dorottya D\u00f6me est sp\u00e9cialis\u00e9 dans la communication visuelle principalement dans le milieu culturel.<\/h4>\n<p style=\"padding-left: 90px;\">Obtenu une dipl\u00f4me graphiste en\u00a0Danemark, Aalborg en\u00a02012. Auparavant gradu\u00e9 mention Grande distinction en communication visuelle (master) en Belgique\u00a0en 2016. \u00a0Elle a travaill\u00e9 en collaboration avec numerus societ\u00e9s et les diff\u00e9rents instituions culturelles sur \u00a0leur identit\u00e9s et les campagne marketing complet.<\/p>\n<h4>Elle travail en num\u00e9rique et print \u00e9galement\u00a0en suivant le cha\u00eene graphique.\u00a0Elle est sp\u00e9cialement int\u00e9ress\u00e9e par la recherche dans le graphisme et les d\u00e9veloppements typographiques.<\/h4>\n<p style=\"padding-left: 90px;\">Une liste non-exhaustive des domaines dans qu&rsquo;elle travaille:<br \/>\nConnaissance de la cha\u00eene graphique | Charte graphique: cr\u00e9ation de logo, carte de visites, brochures\u2026 | Mise en page: publications, brochures, pr\u00e9sentations, guides de visiteurs, affiches\u2026 | Photographie et retouches | Cr\u00e9ation de sites web | vid\u00e9o tournage et montage | Images de synth\u00e8se &#8211; 3D &amp; animations<\/p>\n","protected":false},"excerpt":{"rendered":"<p>Bas\u00e9 en Luxembourg, Dorottya D\u00f6me est sp\u00e9cialis\u00e9 dans la communication visuelle principalement dans le milieu culturel.&hellip;<\/p>\n","protected":false},"author":1,"featured_media":0,"parent":0,"menu_order":0,"comment_status":"closed","ping_status":"closed","template":"","meta":{"footnotes":""},"class_list":["post-1485","page","type-page","status-publish","hentry"],"translation":{"provider":"WPGlobus","version":"3.0.2","language":"fr","enabled_languages":["en","fr"],"languages":{"en":{"title":true,"content":true,"excerpt":false},"fr":{"title":true,"content":true,"excerpt":false}}},"_links":{"self":[{"href":"https:\/\/dorottyadome.com\/fr\/wp-json\/wp\/v2\/pages\/1485","targetHints":{"allow":["GET"]}}],"collection":[{"href":"https:\/\/dorottyadome.com\/fr\/wp-json\/wp\/v2\/pages"}],"about":[{"href":"https:\/\/dorottyadome.com\/fr\/wp-json\/wp\/v2\/types\/page"}],"author":[{"embeddable":true,"href":"https:\/\/dorottyadome.com\/fr\/wp-json\/wp\/v2\/users\/1"}],"replies":[{"embeddable":true,"href":"https:\/\/dorottyadome.com\/fr\/wp-json\/wp\/v2\/comments?post=1485"}],"version-history":[{"count":39,"href":"https:\/\/dorottyadome.com\/fr\/wp-json\/wp\/v2\/pages\/1485\/revisions"}],"predecessor-version":[{"id":2356,"href":"https:\/\/dorottyadome.com\/fr\/wp-json\/wp\/v2\/pages\/1485\/revisions\/2356"}],"wp:attachment":[{"href":"https:\/\/dorottyadome.com\/fr\/wp-json\/wp\/v2\/media?parent=1485"}],"curies":[{"name":"wp","href":"https:\/\/api.w.org\/{rel}","templated":true}]}}